{"id":1251,"date":"2016-02-12T07:54:41","date_gmt":"2016-02-12T07:54:41","guid":{"rendered":"http:\/\/demos.famethemes.com\/onepress\/?page_id=4"},"modified":"2021-02-15T17:49:18","modified_gmt":"2021-02-15T16:49:18","slug":"anne-nguyen-chiropractor","status":"publish","type":"page","link":"https:\/\/www.chiropraxieparis.com\/en\/","title":{"rendered":"Anne NGUYEN, Chiropractor"},"content":{"rendered":"","protected":false},"excerpt":{"rendered":"","protected":false},"author":1,"featured_media":0,"parent":0,"menu_order":0,"comment_status":"closed","ping_status":"closed","template":"template-frontpage.php","meta":[],"yoast_head":"<!-- This site is optimized with the Yoast SEO plugin v15.8 - https:\/\/yoast.com\/wordpress\/plugins\/seo\/ -->\n<title>Anne NGUYEN, Chiropractor - Chiropraxie Paris<\/title>\n<meta name=\"description\" content=\"(Fran\u00e7ais) Une institution dans les cabinets de chiropracteurs \u00e0 Paris : notre cabinet soigne par la chiropraxie vos probl\u00e8mes de sant\u00e9 tels que douleurs lombaires, sciatique, scoliose ou migraines.\" \/>\n<meta name=\"robots\" content=\"index, follow, max-snippet:-1, max-image-preview:large, max-video-preview:-1\" \/>\n<link rel=\"canonical\" href=\"https:\/\/www.chiropraxieparis.com\/\" \/>\n<meta property=\"og:locale\" content=\"en_US\" \/>\n<meta property=\"og:type\" content=\"article\" \/>\n<meta property=\"og:title\" content=\"Anne NGUYEN, Chiropractor - Chiropraxie Paris\" \/>\n<meta property=\"og:description\" content=\"{:fr}{:fr}Une institution dans les cabinets de chiropracteurs \u00e0 Paris : notre cabinet soigne par la chiropraxie vos probl\u00e8mes de sant\u00e9 tels que douleurs lombaires, sciatique, scoliose ou migraines.{:}{:}\" \/>\n<meta property=\"og:url\" content=\"https:\/\/www.chiropraxieparis.com\/\" \/>\n<meta property=\"og:site_name\" content=\"Chiropraxie Paris\" \/>\n<meta property=\"article:publisher\" content=\"https:\/\/www.facebook.com\/chiropraxieparis\/\" \/>\n<meta property=\"article:modified_time\" content=\"2021-02-15T16:49:18+00:00\" \/>\n<meta name=\"twitter:card\" content=\"summary\" \/>\n<script type=\"application\/ld+json\" class=\"yoast-schema-graph\">{\"@context\":\"https:\/\/schema.org\",\"@graph\":[{\"@type\":\"WebSite\",\"@id\":\"https:\/\/www.chiropraxieparis.com\/#website\",\"url\":\"https:\/\/www.chiropraxieparis.com\/\",\"name\":\"Chiropraxie Paris\",\"description\":\"\",\"potentialAction\":[{\"@type\":\"SearchAction\",\"target\":\"https:\/\/www.chiropraxieparis.com\/?s={search_term_string}\",\"query-input\":\"required name=search_term_string\"}],\"inLanguage\":\"en-US\"},{\"@type\":\"WebPage\",\"@id\":\"https:\/\/www.chiropraxieparis.com\/#webpage\",\"url\":\"https:\/\/www.chiropraxieparis.com\/\",\"name\":\"Anne NGUYEN, Chiropractor - Chiropraxie Paris\",\"isPartOf\":{\"@id\":\"https:\/\/www.chiropraxieparis.com\/#website\"},\"datePublished\":\"2016-02-12T07:54:41+00:00\",\"dateModified\":\"2021-02-15T16:49:18+00:00\",\"description\":\"{:fr}{:fr}Une institution dans les cabinets de chiropracteurs \\u00e0 Paris : notre cabinet soigne par la chiropraxie vos probl\\u00e8mes de sant\\u00e9 tels que douleurs lombaires, sciatique, scoliose ou migraines.{:}{:}\",\"breadcrumb\":{\"@id\":\"https:\/\/www.chiropraxieparis.com\/#breadcrumb\"},\"inLanguage\":\"en-US\",\"potentialAction\":[{\"@type\":\"ReadAction\",\"target\":[\"https:\/\/www.chiropraxieparis.com\/\"]}]},{\"@type\":\"BreadcrumbList\",\"@id\":\"https:\/\/www.chiropraxieparis.com\/#breadcrumb\",\"itemListElement\":[{\"@type\":\"ListItem\",\"position\":1,\"item\":{\"@type\":\"WebPage\",\"@id\":\"https:\/\/www.chiropraxieparis.com\/\",\"url\":\"https:\/\/www.chiropraxieparis.com\/\",\"name\":\"Home\"}},{\"@type\":\"ListItem\",\"position\":2,\"item\":{\"@type\":\"WebPage\",\"@id\":\"https:\/\/www.chiropraxieparis.com\/\",\"url\":\"https:\/\/www.chiropraxieparis.com\/\",\"name\":\"Anne NGUYEN, Chiropracteur\"}}]}]}<\/script>\n<!-- \/ Yoast SEO plugin. -->","_links":{"self":[{"href":"https:\/\/www.chiropraxieparis.com\/en\/wp-json\/wp\/v2\/pages\/1251"}],"collection":[{"href":"https:\/\/www.chiropraxieparis.com\/en\/wp-json\/wp\/v2\/pages"}],"about":[{"href":"https:\/\/www.chiropraxieparis.com\/en\/wp-json\/wp\/v2\/types\/page"}],"author":[{"embeddable":true,"href":"https:\/\/www.chiropraxieparis.com\/en\/wp-json\/wp\/v2\/users\/1"}],"replies":[{"embeddable":true,"href":"https:\/\/www.chiropraxieparis.com\/en\/wp-json\/wp\/v2\/comments?post=1251"}],"version-history":[{"count":2,"href":"https:\/\/www.chiropraxieparis.com\/en\/wp-json\/wp\/v2\/pages\/1251\/revisions"}],"predecessor-version":[{"id":3203,"href":"https:\/\/www.chiropraxieparis.com\/en\/wp-json\/wp\/v2\/pages\/1251\/revisions\/3203"}],"wp:attachment":[{"href":"https:\/\/www.chiropraxieparis.com\/en\/wp-json\/wp\/v2\/media?parent=1251"}],"curies":[{"name":"wp","href":"https:\/\/api.w.org\/{rel}","templated":true}]}}