{"id":2143,"date":"2017-01-16T19:27:18","date_gmt":"2017-01-16T18:27:18","guid":{"rendered":"http:\/\/www.chiropraxieparis.com\/chiropraxiev2\/?page_id=2143"},"modified":"2017-12-26T00:41:44","modified_gmt":"2017-12-25T23:41:44","slug":"cest-quoi-la-chiropraxie","status":"publish","type":"page","link":"https:\/\/www.chiropraxieparis.com\/en\/cest-quoi-la-chiropraxie\/","title":{"rendered":"The origins of Chiropractic"},"content":{"rendered":"<div class=\"row\">\r\n<div class=\"col-lg-4\">\r\n<p style=\"text-align:center\">\r\n<img loading=\"lazy\" src=\"https:\/\/www.chiropraxieparis.com\/wp-content\/uploads\/2017\/01\/BJ-Palmer1.gif\" alt=\"\" width=\"280\" height=\"354\" \r\nclass=\"alignnone size-full wp-image-2136\" \/><\/p>\r\n<\/div>\r\n<div class=\"col-lg-8\">\r\n<p style=\"text-align:justify\">\r\nFounded in 1895 by Daniel David Palmer in the United States of America, Chiropractic has become a global reference in manual medicine for back and joints care.<br\/>\r\nIt\u2019s goal is to detect, treat and prevent neuromusculoskeletal dysfunctions and their consequences, especially regarding the spine and the limbs.<br\/><br\/>\r\n<a href=\"https:\/\/www.legifrance.gouv.fr\/affichTexte.do?cidTexte=JORFTEXT000023387301\" target=\"_blank\">Recognized in France by the Public Health code<\/a> as well as the medical community.<br\/><br\/>\r\n\r\nThe Chiropractor is a primary care physician, which means that there is no need of any medical prescription to make an appointment.<br\/><br\/>\r\nThe first visit :<br\/>\r\n<ol>\r\n<li>Questions regarding your medical history and your lifestyle. <\/li>\r\n<li>Orthopedic, neurological and physical examination to evaluate your joint mobility.<\/li>\r\n<li>It is important to bring your medical imaging if you have any (X-Rays, MRI, CT Scan) so that they can be analyzed.<\/li>\r\n<li>With all this information, your chiropractor will establish a chiropractic treatment plan adapted to your condition.<\/li>\r\n<li>And she will provide you advices and exercises to assist in your recovery.<\/li>\r\n<\/ol><br\/>\r\nYour chiropractor can also refer you to another health care professional if the previous examinations showed that chiropractic treatment is not adapted to your condition.<br\/>\r\nFollow up visits last around 30 minutes. Their number is established during the first visit, according to the duration of your problem and your medical history. <br\/>\r\n<\/p>\r\n<\/div>\r\n<\/div>","protected":false},"excerpt":{"rendered":"Founded in 1895 by Daniel David Palmer in the United States of America, Chiropractic has become a global reference in manual medicine for back and joints care. It\u2019s goal is &#8230;","protected":false},"author":1,"featured_media":0,"parent":0,"menu_order":0,"comment_status":"closed","ping_status":"closed","template":"","meta":[],"yoast_head":"<!-- This site is optimized with the Yoast SEO plugin v15.8 - https:\/\/yoast.com\/wordpress\/plugins\/seo\/ -->\n<title>The origins of Chiropractic - Chiropraxie Paris<\/title>\n<meta name=\"description\" content=\"Fond\u00e9e en 1895 par Daniel D. Palmer aux Etats-Unis, la Chiropraxie est devenue la m\u00e9decine manuelle de r\u00e9f\u00e9rence pour les soins du dos et des articulations.\" \/>\n<meta name=\"robots\" content=\"index, follow, max-snippet:-1, max-image-preview:large, max-video-preview:-1\" \/>\n<link rel=\"canonical\" href=\"https:\/\/www.chiropraxieparis.com\/cest-quoi-la-chiropraxie\/\" \/>\n<meta property=\"og:locale\" content=\"en_US\" \/>\n<meta property=\"og:type\" content=\"article\" \/>\n<meta property=\"og:title\" content=\"The origins of Chiropractic - Chiropraxie Paris\" \/>\n<meta property=\"og:description\" content=\"Fond\u00e9e en 1895 par Daniel D. Palmer aux Etats-Unis, la Chiropraxie est devenue la m\u00e9decine manuelle de r\u00e9f\u00e9rence pour les soins du dos et des articulations.\" \/>\n<meta property=\"og:url\" content=\"https:\/\/www.chiropraxieparis.com\/cest-quoi-la-chiropraxie\/\" \/>\n<meta property=\"og:site_name\" content=\"Chiropraxie Paris\" \/>\n<meta property=\"article:publisher\" content=\"https:\/\/www.facebook.com\/chiropraxieparis\/\" \/>\n<meta property=\"article:modified_time\" content=\"2017-12-25T23:41:44+00:00\" \/>\n<meta property=\"og:image\" content=\"https:\/\/www.chiropraxieparis.com\/wp-content\/uploads\/2017\/01\/BJ-Palmer1.gif\" \/>\n<meta name=\"twitter:card\" content=\"summary\" \/>\n<meta name=\"twitter:label1\" content=\"Est. reading time\">\n\t<meta name=\"twitter:data1\" content=\"2 minutes\">\n<script type=\"application\/ld+json\" class=\"yoast-schema-graph\">{\"@context\":\"https:\/\/schema.org\",\"@graph\":[{\"@type\":\"WebSite\",\"@id\":\"https:\/\/www.chiropraxieparis.com\/#website\",\"url\":\"https:\/\/www.chiropraxieparis.com\/\",\"name\":\"Chiropraxie Paris\",\"description\":\"\",\"potentialAction\":[{\"@type\":\"SearchAction\",\"target\":\"https:\/\/www.chiropraxieparis.com\/?s={search_term_string}\",\"query-input\":\"required name=search_term_string\"}],\"inLanguage\":\"en-US\"},{\"@type\":\"ImageObject\",\"@id\":\"https:\/\/www.chiropraxieparis.com\/cest-quoi-la-chiropraxie\/#primaryimage\",\"inLanguage\":\"en-US\",\"url\":\"https:\/\/www.chiropraxieparis.com\/wp-content\/uploads\/2017\/01\/BJ-Palmer1.gif\",\"width\":280,\"height\":354},{\"@type\":\"WebPage\",\"@id\":\"https:\/\/www.chiropraxieparis.com\/cest-quoi-la-chiropraxie\/#webpage\",\"url\":\"https:\/\/www.chiropraxieparis.com\/cest-quoi-la-chiropraxie\/\",\"name\":\"The origins of Chiropractic - Chiropraxie Paris\",\"isPartOf\":{\"@id\":\"https:\/\/www.chiropraxieparis.com\/#website\"},\"primaryImageOfPage\":{\"@id\":\"https:\/\/www.chiropraxieparis.com\/cest-quoi-la-chiropraxie\/#primaryimage\"},\"datePublished\":\"2017-01-16T18:27:18+00:00\",\"dateModified\":\"2017-12-25T23:41:44+00:00\",\"description\":\"Fond\\u00e9e en 1895 par Daniel D. Palmer aux Etats-Unis, la Chiropraxie est devenue la m\\u00e9decine manuelle de r\\u00e9f\\u00e9rence pour les soins du dos et des articulations.\",\"breadcrumb\":{\"@id\":\"https:\/\/www.chiropraxieparis.com\/cest-quoi-la-chiropraxie\/#breadcrumb\"},\"inLanguage\":\"en-US\",\"potentialAction\":[{\"@type\":\"ReadAction\",\"target\":[\"https:\/\/www.chiropraxieparis.com\/cest-quoi-la-chiropraxie\/\"]}]},{\"@type\":\"BreadcrumbList\",\"@id\":\"https:\/\/www.chiropraxieparis.com\/cest-quoi-la-chiropraxie\/#breadcrumb\",\"itemListElement\":[{\"@type\":\"ListItem\",\"position\":1,\"item\":{\"@type\":\"WebPage\",\"@id\":\"https:\/\/www.chiropraxieparis.com\/\",\"url\":\"https:\/\/www.chiropraxieparis.com\/\",\"name\":\"Home\"}},{\"@type\":\"ListItem\",\"position\":2,\"item\":{\"@type\":\"WebPage\",\"@id\":\"https:\/\/www.chiropraxieparis.com\/cest-quoi-la-chiropraxie\/\",\"url\":\"https:\/\/www.chiropraxieparis.com\/cest-quoi-la-chiropraxie\/\",\"name\":\"L&#8217;origine de la Chiropraxie\"}}]}]}<\/script>\n<!-- \/ Yoast SEO plugin. -->","_links":{"self":[{"href":"https:\/\/www.chiropraxieparis.com\/en\/wp-json\/wp\/v2\/pages\/2143"}],"collection":[{"href":"https:\/\/www.chiropraxieparis.com\/en\/wp-json\/wp\/v2\/pages"}],"about":[{"href":"https:\/\/www.chiropraxieparis.com\/en\/wp-json\/wp\/v2\/types\/page"}],"author":[{"embeddable":true,"href":"https:\/\/www.chiropraxieparis.com\/en\/wp-json\/wp\/v2\/users\/1"}],"replies":[{"embeddable":true,"href":"https:\/\/www.chiropraxieparis.com\/en\/wp-json\/wp\/v2\/comments?post=2143"}],"version-history":[{"count":0,"href":"https:\/\/www.chiropraxieparis.com\/en\/wp-json\/wp\/v2\/pages\/2143\/revisions"}],"wp:attachment":[{"href":"https:\/\/www.chiropraxieparis.com\/en\/wp-json\/wp\/v2\/media?parent=2143"}],"curies":[{"name":"wp","href":"https:\/\/api.w.org\/{rel}","templated":true}]}}