{"id":2168,"date":"2017-01-17T03:08:59","date_gmt":"2017-01-17T02:08:59","guid":{"rendered":"http:\/\/www.chiropraxieparis.com\/chiropraxiev2\/?page_id=2168"},"modified":"2017-12-26T00:41:02","modified_gmt":"2017-12-25T23:41:02","slug":"la-philosophie-du-corps-humain","status":"publish","type":"page","link":"https:\/\/www.chiropraxieparis.com\/en\/la-philosophie-du-corps-humain\/","title":{"rendered":"The philosophy of the human body"},"content":{"rendered":"<div class=\"row\">\r\n<div class=\"col-lg-4\">\r\n<p style=\"text-align:center\">\r\n<img loading=\"lazy\" src=\"https:\/\/www.chiropraxieparis.com\/chiropraxiev2\/wp-content\/uploads\/2017\/01\/Full_body_Joint_pain1.jpg\" alt=\"\" width=\"280\" height=\"280\" class=\"alignnone size-full wp-image-2136\" \/><\/p>\r\n<\/div>\r\n<div class=\"col-lg-8\">\r\n<p style=\"text-align:justify\">\r\n\r\nOur body is <strong>directly connected to the brain<\/strong> by the way of nerves that form the spinal cord. The nervous system is the &#8220;orchestra conductor&#8221; of the body. It enables the communication between the billions of cells that constitute our body.<br\/><br\/>\r\nIn the everyday life, we perform daily movements as well as more or less important efforts based on the type of professional occupation. Repetition of these movements leads to muscular imbalance and reduction of joint range of motion, previously called <strong>\u201csubluxations\u201d<\/strong>.<br\/><br\/>  \r\nBut Nature does things right! First, our body compensates these imbalances, which means we do not necessarily feel pain immediately\u2026 Then, when the body is not anymore capable of compensating these weak spots, it \u201ctriggers the alarm\u201d by the way of PAIN. This happens quite often, such as pain that occurs without any specific context, without any trauma. Everything is a matter of BALANCE. Chiropractic aims to free these interferences to restore the harmony of nervous system and to improve your quality of life.<br\/><br\/>\r\nWhatever your age, you can take advantage of chiropractic care to find a healthier, more tonic, more pleasant life and to feel better in your own body.<br\/><br\/>\r\nYou can <strong>consult a chiropractor<\/strong> to make a <strong>vertebral assessment<\/strong> (neurological, muscular and articular) <strong>in order to start care<\/strong> but also in for <strong>prevention<\/strong>.<br\/><br\/>\r\n<strong>A prevention adjustment<\/strong> is worth thousands of efforts towards health recovery.<br\/><br\/>\r\nMany athletes, professional or amateurs, resort to Chiropractic in the whole world to feel better in their own body and to obtain a better level of performance. Chiropractic provides you energy and a better health.\r\n\r\n<\/p>\r\n<\/div>\r\n<\/div>","protected":false},"excerpt":{"rendered":"Our body is directly connected to the brain by the way of nerves that form the spinal cord. The nervous system is the &#8220;orchestra conductor&#8221; of the body. It enables &#8230;","protected":false},"author":1,"featured_media":0,"parent":0,"menu_order":0,"comment_status":"closed","ping_status":"closed","template":"","meta":[],"yoast_head":"<!-- This site is optimized with the Yoast SEO plugin v15.8 - https:\/\/yoast.com\/wordpress\/plugins\/seo\/ -->\n<title>The philosophy of the human body - Chiropraxie Paris<\/title>\n<meta name=\"description\" content=\"(Fran\u00e7ais) La r\u00e9p\u00e9tition des gestes quotidiens cr\u00e9e d\u00e9s\u00e9quilibres musculaires et diminutions de mobilit\u00e9s articulaires, anciennement appel\u00e9s \u201csubluxation\u201d.\" \/>\n<meta name=\"robots\" content=\"index, follow, max-snippet:-1, max-image-preview:large, max-video-preview:-1\" \/>\n<link rel=\"canonical\" href=\"https:\/\/www.chiropraxieparis.com\/en\/la-philosophie-du-corps-humain\/\" \/>\n<meta property=\"og:locale\" content=\"en_US\" \/>\n<meta property=\"og:type\" content=\"article\" \/>\n<meta property=\"og:title\" content=\"The philosophy of the human body - Chiropraxie Paris\" \/>\n<meta property=\"og:description\" content=\"(Fran\u00e7ais) La r\u00e9p\u00e9tition des gestes quotidiens cr\u00e9e d\u00e9s\u00e9quilibres musculaires et diminutions de mobilit\u00e9s articulaires, anciennement appel\u00e9s \u201csubluxation\u201d.\" \/>\n<meta property=\"og:url\" content=\"https:\/\/www.chiropraxieparis.com\/en\/la-philosophie-du-corps-humain\/\" \/>\n<meta property=\"og:site_name\" content=\"Chiropraxie Paris\" \/>\n<meta property=\"article:publisher\" content=\"https:\/\/www.facebook.com\/chiropraxieparis\/\" \/>\n<meta property=\"article:modified_time\" content=\"2017-12-25T23:41:02+00:00\" \/>\n<meta property=\"og:image\" content=\"https:\/\/www.chiropraxieparis.com\/wp-content\/uploads\/2017\/01\/Full_body_Joint_pain1.jpg\" \/>\n<meta name=\"twitter:card\" content=\"summary\" \/>\n<meta name=\"twitter:label1\" content=\"Est. reading time\">\n\t<meta name=\"twitter:data1\" content=\"3 minutes\">\n<script type=\"application\/ld+json\" class=\"yoast-schema-graph\">{\"@context\":\"https:\/\/schema.org\",\"@graph\":[{\"@type\":\"WebSite\",\"@id\":\"https:\/\/www.chiropraxieparis.com\/#website\",\"url\":\"https:\/\/www.chiropraxieparis.com\/\",\"name\":\"Chiropraxie Paris\",\"description\":\"\",\"potentialAction\":[{\"@type\":\"SearchAction\",\"target\":\"https:\/\/www.chiropraxieparis.com\/?s={search_term_string}\",\"query-input\":\"required name=search_term_string\"}],\"inLanguage\":\"en-US\"},{\"@type\":\"ImageObject\",\"@id\":\"https:\/\/www.chiropraxieparis.com\/en\/la-philosophie-du-corps-humain\/#primaryimage\",\"inLanguage\":\"en-US\",\"url\":\"https:\/\/www.chiropraxieparis.com\/wp-content\/uploads\/2017\/01\/Full_body_Joint_pain1.jpg\",\"width\":280,\"height\":280},{\"@type\":\"WebPage\",\"@id\":\"https:\/\/www.chiropraxieparis.com\/en\/la-philosophie-du-corps-humain\/#webpage\",\"url\":\"https:\/\/www.chiropraxieparis.com\/en\/la-philosophie-du-corps-humain\/\",\"name\":\"The philosophy of the human body - Chiropraxie Paris\",\"isPartOf\":{\"@id\":\"https:\/\/www.chiropraxieparis.com\/#website\"},\"primaryImageOfPage\":{\"@id\":\"https:\/\/www.chiropraxieparis.com\/en\/la-philosophie-du-corps-humain\/#primaryimage\"},\"datePublished\":\"2017-01-17T02:08:59+00:00\",\"dateModified\":\"2017-12-25T23:41:02+00:00\",\"description\":\"(Fran\\u00e7ais) La r\\u00e9p\\u00e9tition des gestes quotidiens cr\\u00e9e d\\u00e9s\\u00e9quilibres musculaires et diminutions de mobilit\\u00e9s articulaires, anciennement appel\\u00e9s \\u201csubluxation\\u201d.\",\"breadcrumb\":{\"@id\":\"https:\/\/www.chiropraxieparis.com\/en\/la-philosophie-du-corps-humain\/#breadcrumb\"},\"inLanguage\":\"en-US\",\"potentialAction\":[{\"@type\":\"ReadAction\",\"target\":[\"https:\/\/www.chiropraxieparis.com\/en\/la-philosophie-du-corps-humain\/\"]}]},{\"@type\":\"BreadcrumbList\",\"@id\":\"https:\/\/www.chiropraxieparis.com\/en\/la-philosophie-du-corps-humain\/#breadcrumb\",\"itemListElement\":[{\"@type\":\"ListItem\",\"position\":1,\"item\":{\"@type\":\"WebPage\",\"@id\":\"https:\/\/www.chiropraxieparis.com\/\",\"url\":\"https:\/\/www.chiropraxieparis.com\/\",\"name\":\"Home\"}},{\"@type\":\"ListItem\",\"position\":2,\"item\":{\"@type\":\"WebPage\",\"@id\":\"https:\/\/www.chiropraxieparis.com\/en\/la-philosophie-du-corps-humain\/\",\"url\":\"https:\/\/www.chiropraxieparis.com\/en\/la-philosophie-du-corps-humain\/\",\"name\":\"The philosophy of the human body\"}}]}]}<\/script>\n<!-- \/ Yoast SEO plugin. -->","_links":{"self":[{"href":"https:\/\/www.chiropraxieparis.com\/en\/wp-json\/wp\/v2\/pages\/2168"}],"collection":[{"href":"https:\/\/www.chiropraxieparis.com\/en\/wp-json\/wp\/v2\/pages"}],"about":[{"href":"https:\/\/www.chiropraxieparis.com\/en\/wp-json\/wp\/v2\/types\/page"}],"author":[{"embeddable":true,"href":"https:\/\/www.chiropraxieparis.com\/en\/wp-json\/wp\/v2\/users\/1"}],"replies":[{"embeddable":true,"href":"https:\/\/www.chiropraxieparis.com\/en\/wp-json\/wp\/v2\/comments?post=2168"}],"version-history":[{"count":0,"href":"https:\/\/www.chiropraxieparis.com\/en\/wp-json\/wp\/v2\/pages\/2168\/revisions"}],"wp:attachment":[{"href":"https:\/\/www.chiropraxieparis.com\/en\/wp-json\/wp\/v2\/media?parent=2168"}],"curies":[{"name":"wp","href":"https:\/\/api.w.org\/{rel}","templated":true}]}}